{"id":137,"date":"2024-11-14T14:05:08","date_gmt":"2024-11-14T11:05:08","guid":{"rendered":"https:\/\/ta1lg.com\/?page_id=137"},"modified":"2024-11-15T02:19:15","modified_gmt":"2024-11-14T23:19:15","slug":"ta1lg","status":"publish","type":"page","link":"https:\/\/ta1lg.com\/","title":{"rendered":"TA1LG"},"content":{"rendered":"\n<p>Selamlar.<br>Ad\u0131m \u0130lker, T\u00fcrkiye, \u0130stanbul da ya\u015f\u0131yorum.<br><a href=\"https:\/\/ta1lg.com\/?p=145\">locator <\/a>KN41ja.<\/p>\n\n\n\n<p>Anten kuracak alan\u0131m olmad\u0131\u011f\u0131 i\u00e7in \u015fimdilik vhf\/uhf aktif olarak kullan\u0131yorum<\/p>\n\n\n\n<p><a href=\"https:\/\/ta1lg.com\/?p=156\" data-type=\"link\" data-id=\"https:\/\/ta1lg.com\/?p=156\">Dmr <\/a>olarak <a href=\"https:\/\/brandmeister.network\/?page=device&amp;id=286340\" data-type=\"link\" data-id=\"https:\/\/brandmeister.network\/?page=device&amp;id=286340\" target=\"_blank\">BM=286340<\/a> &#8211; <a href=\"https:\/\/tangoalfa.org.tr\/\" data-type=\"link\" data-id=\"https:\/\/tangoalfa.org.tr\/\" target=\"_blank\">YM1KE<\/a>-439.1750 MHz, <a href=\"https:\/\/brandmeister.network\/?page=device&amp;id=286342\" data-type=\"link\" data-id=\"https:\/\/brandmeister.network\/?page=device&amp;id=286342\" target=\"_blank\">BM=286342<\/a> &#8211; <a href=\"http:\/\/atro.com.tr\/\" data-type=\"link\" data-id=\"http:\/\/atro.com.tr\/\" target=\"_blank\">YM1KAT<\/a>-439.2750 MHz ve kendi dual <a href=\"https:\/\/ta1lg.com\/?p=179\" data-type=\"link\" data-id=\"https:\/\/ta1lg.com\/?p=179\">hotspot<\/a>&#8216; umu kullan\u0131yorum.<br>Genellikle 286 ve 28634 <a href=\"https:\/\/ta1lg.com\/?p=171\" data-type=\"link\" data-id=\"https:\/\/ta1lg.com\/?p=171\">Talk Group<\/a>&#8216; larda dinlemedeyim.<br>YM1KE ve YM1KAT Derneklerine ait Geni\u015f alan Dijital Tekrarlay\u0131c\u0131 (R\u00f6le) lar\u0131n\u0131 s\u00fcrekli takip ediyorum. Olas\u0131 kesinti ve problemlerde y\u00f6neticilere elimden gelebilecek yard\u0131mlarda bulunmaya \u00e7al\u0131\u015f\u0131yorum.<\/p>\n\n\n\n<p><a href=\"https:\/\/tangoalfa.org.tr\/\" data-type=\"link\" data-id=\"https:\/\/tangoalfa.org.tr\/\" target=\"_blank\" rel=\"noreferrer noopener\">YM1KE <\/a>\u00e7a\u011fr\u0131 i\u015faretli<a href=\"https:\/\/tangoalfa.org.tr\/\" target=\"_blank\" rel=\"noreferrer noopener\"> T.A.<\/a> dernek \u00fcyesiyim.<br>Aktif olarak derne\u011fimize katk\u0131da bulunmaya \u00e7al\u0131\u015f\u0131yorum.<\/p>\n\n\n\n<p><a href=\"https:\/\/www.qrz.com\/db\/TA1LG\" target=\"_blank\" rel=\"noreferrer noopener\">TA1KIA <\/a>Olan eski<a href=\"https:\/\/ta1lg.com\/?p=134\"> \u00e7a\u011fr\u0131 i\u015faretim<\/a> 2024 y\u0131l\u0131ndan itibaren <a href=\"https:\/\/www.qrz.com\/db\/TA1LG\" target=\"_blank\" rel=\"noreferrer noopener\">TA1LG <\/a>olarak de\u011fi\u015fmi\u015ftir.<\/p>\n","protected":false},"excerpt":{"rendered":"<p>Selamlar.Ad\u0131m \u0130lker, T\u00fcrkiye, \u0130stanbul da ya\u015f\u0131yorum.locator KN41ja. Anten kuracak alan\u0131m olmad\u0131\u011f\u0131 i\u00e7in \u015fimdilik vhf\/uhf aktif olarak kullan\u0131yorum Dmr olarak BM=286340 &#8211; YM1KE-439.1750 MHz, BM=286342 &#8211; YM1KAT-439.2750 MHz ve kendi dual hotspot&#8216; umu kullan\u0131yorum.Genellikle 286 ve 28634 Talk Group&#8216; larda dinlemedeyim.YM1KE ve YM1KAT Derneklerine ait Geni\u015f alan Dijital Tekrarlay\u0131c\u0131 (R\u00f6le) lar\u0131n\u0131 s\u00fcrekli takip ediyorum. Olas\u0131 kesinti [&hellip;]<\/p>\n","protected":false},"author":1,"featured_media":38,"parent":0,"menu_order":0,"comment_status":"closed","ping_status":"closed","template":"","meta":{"_et_pb_use_builder":"off","_et_pb_old_content":"<!-- wp:paragraph -->\n<p>Selamlar.<br>Ad\u0131m \u0130lker, T\u00fcrkiye, \u0130stanbul da ya\u015f\u0131yorum.<br><a href=\"https:\/\/ta1lg.com\/?p=145\">locator <\/a>KN41ja.<\/p>\n<!-- \/wp:paragraph -->\n\n<!-- wp:paragraph -->\n<p>Anten kuracak alan\u0131m olmad\u0131\u011f\u0131 i\u00e7in \u015fimdilik vhf\/uhf aktif olarak kullan\u0131yorum<\/p>\n<!-- \/wp:paragraph -->\n\n<!-- wp:paragraph -->\n<p><a href=\"https:\/\/ta1lg.com\/?p=156\" data-type=\"link\" data-id=\"https:\/\/ta1lg.com\/?p=156\">Dmr <\/a>olarak <a href=\"https:\/\/brandmeister.network\/?page=device&amp;id=286340\" data-type=\"link\" data-id=\"https:\/\/brandmeister.network\/?page=device&amp;id=286340\" target=\"_blank\">BM=286340<\/a> - <a href=\"https:\/\/tangoalfa.org.tr\/\" data-type=\"link\" data-id=\"https:\/\/tangoalfa.org.tr\/\" target=\"_blank\">YM1KE<\/a>-439.1750 MHz, <a href=\"https:\/\/brandmeister.network\/?page=device&amp;id=286342\" data-type=\"link\" data-id=\"https:\/\/brandmeister.network\/?page=device&amp;id=286342\" target=\"_blank\">BM=286342<\/a> - <a href=\"http:\/\/atro.com.tr\/\" data-type=\"link\" data-id=\"http:\/\/atro.com.tr\/\" target=\"_blank\">YM1KAT<\/a>-439.2750 MHz ve kendi dual <a href=\"https:\/\/ta1lg.com\/?p=179\" data-type=\"link\" data-id=\"https:\/\/ta1lg.com\/?p=179\">hotspot<\/a>' umu kullan\u0131yorum.<br>Genellikle 286 ve 28634 <a href=\"https:\/\/ta1lg.com\/?p=171\" data-type=\"link\" data-id=\"https:\/\/ta1lg.com\/?p=171\">Talk Group<\/a>' larda dinlemedeyim.<br>YM1KE ve YM1KAT Derneklerine ait Geni\u015f alan Dijital Tekrarlay\u0131c\u0131 (R\u00f6le) lar\u0131n\u0131 s\u00fcrekli takip ediyorum. Olas\u0131 kesinti ve problemlerde y\u00f6neticilere elimden gelebilecek yard\u0131mlarda bulunmaya \u00e7al\u0131\u015f\u0131yorum.<\/p>\n<!-- \/wp:paragraph -->\n\n<!-- wp:paragraph -->\n<p><a href=\"https:\/\/tangoalfa.org.tr\/\" data-type=\"link\" data-id=\"https:\/\/tangoalfa.org.tr\/\" target=\"_blank\" rel=\"noreferrer noopener\">YM1KE <\/a>\u00e7a\u011fr\u0131 i\u015faretli<a href=\"https:\/\/tangoalfa.org.tr\/\" target=\"_blank\" rel=\"noreferrer noopener\"> T.A.<\/a> dernek \u00fcyesiyim.<br>Aktif olarak derne\u011fimize katk\u0131da bulunmaya \u00e7al\u0131\u015f\u0131yorum.<\/p>\n<!-- \/wp:paragraph -->\n\n<!-- wp:paragraph -->\n<p><a href=\"https:\/\/www.qrz.com\/db\/TA1LG\" target=\"_blank\" rel=\"noreferrer noopener\">TA1KIA <\/a>Olan eski<a href=\"https:\/\/ta1lg.com\/?p=134\"> \u00e7a\u011fr\u0131 i\u015faretim<\/a> 2024 y\u0131l\u0131ndan itibaren <a href=\"https:\/\/www.qrz.com\/db\/TA1LG\" target=\"_blank\" rel=\"noreferrer noopener\">TA1LG <\/a>olarak de\u011fi\u015fmi\u015ftir.<\/p>\n<!-- \/wp:paragraph -->","_et_gb_content_width":"","footnotes":""},"class_list":["post-137","page","type-page","status-publish","has-post-thumbnail","hentry"],"_links":{"self":[{"href":"https:\/\/ta1lg.com\/index.php?rest_route=\/wp\/v2\/pages\/137","targetHints":{"allow":["GET"]}}],"collection":[{"href":"https:\/\/ta1lg.com\/index.php?rest_route=\/wp\/v2\/pages"}],"about":[{"href":"https:\/\/ta1lg.com\/index.php?rest_route=\/wp\/v2\/types\/page"}],"author":[{"embeddable":true,"href":"https:\/\/ta1lg.com\/index.php?rest_route=\/wp\/v2\/users\/1"}],"replies":[{"embeddable":true,"href":"https:\/\/ta1lg.com\/index.php?rest_route=%2Fwp%2Fv2%2Fcomments&post=137"}],"version-history":[{"count":26,"href":"https:\/\/ta1lg.com\/index.php?rest_route=\/wp\/v2\/pages\/137\/revisions"}],"predecessor-version":[{"id":205,"href":"https:\/\/ta1lg.com\/index.php?rest_route=\/wp\/v2\/pages\/137\/revisions\/205"}],"wp:featuredmedia":[{"embeddable":true,"href":"https:\/\/ta1lg.com\/index.php?rest_route=\/wp\/v2\/media\/38"}],"wp:attachment":[{"href":"https:\/\/ta1lg.com\/index.php?rest_route=%2Fwp%2Fv2%2Fmedia&parent=137"}],"curies":[{"name":"wp","href":"https:\/\/api.w.org\/{rel}","templated":true}]}}